{"id":7,"date":"2025-10-08T14:22:22","date_gmt":"2025-10-08T14:22:22","guid":{"rendered":"https:\/\/maxertrans.com\/?page_id=7"},"modified":"2025-10-14T13:06:29","modified_gmt":"2025-10-14T13:06:29","slug":"inicio","status":"publish","type":"page","link":"https:\/\/maxertrans.com\/","title":{"rendered":"MaxerTrans"},"content":{"rendered":"<div class=\"\" style=\"\" >\n    \n    <section class=\"u-clearfix u-image u-shading u-section-2\" id=\"block-3\" data-image-width=\"1920\" data-image-height=\"900\" style=\"background-image: linear-gradient(rgba(0, 0, 0, 0.2), rgba(0, 0, 0, 0.2)), url(&quot;https:\/\/maxertrans.com\/wp-content\/uploads\/2025\/10\/Banner2.jpg&quot;);\">\n      <div class=\"u-clearfix u-sheet u-sheet-1\">\n        <h2 class=\"u-custom-font u-text u-text-default-lg u-text-default-md u-text-default-sm u-text-default-xl u-text-1\">Comprometidos con<\/h2>\n        <h2 class=\"u-custom-font u-text u-text-color-var u-text-default-lg u-text-default-md u-text-default-sm u-text-default-xl u-text-2\">la Seguridad y Calidad<\/h2>\n        <h2 class=\"u-align-left-lg u-align-left-md u-align-left-sm u-align-left-xl u-custom-font u-text u-text-default u-text-3\">en cada servicio<\/h2>\n        <p class=\"u-align-left u-large-text u-text u-text-default-lg u-text-default-md u-text-default-sm u-text-default-xl u-text-variant u-text-4\">\u00bfNecesitas transporte? \u00a1Nosotros te Ayudamos!<br><span style=\"font-weight: 700;\">Un Equipo Preparado es Garantia al \u00c9xito.<\/span>\n        <\/p>\n      <\/div>\n    <\/section>\n    <section class=\"u-align-center u-clearfix u-container-align-center u-section-3\" id=\"block-4\">\n      <div class=\"u-clearfix u-sheet u-valign-middle-lg u-valign-middle-md u-valign-middle-sm u-sheet-1\">\n        <div class=\"custom-expanded data-layout-selected u-clearfix u-gutter-0 u-layout-wrap u-layout-wrap-1\">\n          <div class=\"u-layout\" style=\"\">\n            <div class=\"u-layout-row\" style=\"\">\n              <div class=\"u-align-left u-container-align-left u-container-style u-hidden-xs u-image u-layout-cell u-left-cell u-size-30 u-size-xs-60 u-image-1\" src=\"\" data-image-width=\"619\" data-image-height=\"640\" data-animation-name=\"fadeIn\" data-animation-duration=\"1000\" data-animation-delay=\"0\" style=\"background-image: url(&quot;https:\/\/maxertrans.com\/wp-content\/uploads\/2025\/10\/IMGnosotros-1.jpg&quot;);\">\n                <div class=\"u-container-layout u-valign-middle u-container-layout-1\" src=\"\"><\/div>\n              <\/div>\n              <div class=\"u-align-left u-container-align-left u-container-style u-layout-cell u-right-cell u-shape-rectangle u-size-30 u-size-xs-60 u-layout-cell-2\">\n                <div class=\"u-container-layout u-valign-middle-lg u-valign-middle-md u-valign-middle-sm u-valign-middle-xs u-valign-top-xl u-container-layout-2\">\n                  <h2 class=\"u-align-left u-custom-font u-text u-text-default u-text-1\" data-animation-name=\"customAnimationIn\" data-animation-duration=\"1000\" data-animation-delay=\"0\">Nosotros<\/h2>\n                  <p class=\"u-align-left u-custom-font u-text u-text-2\" data-animation-name=\"fadeIn\" data-animation-duration=\"1000\" data-animation-delay=\"0\"> Maxer Trans C.A. comenz\u00f3 su recorrido en el a\u00f1o 2010, prestando servicios dentro del sistema de transporte p\u00fablico en la ciudad de Valencia. En agosto de 2015, formalizamos nuestro crecimiento con la fundaci\u00f3n oficial de la empresa, iniciando operaciones al a\u00f1o siguiente.&nbsp;<br>\n                    <br>Desde nuestros inicios, visualizamos este proyecto como una respuesta a las crecientes necesidades del parque industrial del estado Carabobo. Comenzamos brindando el servicio de transporte de personal, al que posteriormente incorporamos el servicio de transporte ejecutivo. M\u00e1s adelante, ampliamos nuestra oferta con soluciones en mensajer\u00eda y encomiendas, consolidando as\u00ed un portafolio integral y confiable.\n                  <\/p>\n                  <a href=\"\" class=\"u-active-white u-align-left u-border-2 u-border-active-white u-border-hover-white u-border-white u-btn u-btn-rectangle u-button-style u-hover-white u-none u-text-active-palette-1-base u-text-hover-palette-1-base u-btn-1\">aprende m\u00e1s<\/a>\n                <\/div>\n              <\/div>\n            <\/div>\n          <\/div>\n        <\/div>\n      <\/div>\n    <\/section>\n    <section class=\"u-clearfix u-valign-bottom-lg u-valign-bottom-md u-valign-bottom-sm u-valign-bottom-xs u-section-4\" id=\"block-1\">\n      <div class=\"u-clearfix u-sheet u-valign-bottom-sm u-valign-middle-lg u-valign-top-xl u-sheet-1\">\n        <div class=\"u-expanded-width-lg u-expanded-width-md u-expanded-width-sm u-expanded-width-xs u-list u-list-1\">\n          <div class=\"u-layout-spacing-all u-repeater u-repeater-1\">\n            <div class=\"u-container-style u-custom-color-5 u-list-item u-radius u-repeater-item u-shape-round u-list-item-1\" data-animation-name=\"fadeIn\" data-animation-duration=\"1000\" data-animation-delay=\"0\">\n              <div class=\"u-container-layout u-similar-container u-valign-top-md u-valign-top-sm u-container-layout-1\"><span class=\"u-file-icon u-icon u-icon-1\"><img decoding=\"async\" src=\"https:\/\/maxertrans.com\/wp-content\/uploads\/2025\/10\/Recurso2.png\" alt=\"\"><\/span>\n                <h3 class=\"u-custom-font u-text u-text-body-color u-text-default u-text-1\">Ofrecemos Soluciones Completas<\/h3>\n                <p class=\"u-custom-font u-text u-text-2\">Nuestros servicios est\u00e1n disponibles las 24 horas, traslados para personal rotativo y administrativo, servicios ejecutivos y un servicio \u00e1gil de mensajer\u00eda local. T\u00fa eliges, nosotros llevamos. Conectamos personas, empresas y destinos con la misma dedicaci\u00f3n<\/p>\n              <\/div>\n            <\/div>\n            <div class=\"u-container-style u-custom-color-5 u-list-item u-radius u-repeater-item u-shape-round u-list-item-2\" data-animation-name=\"fadeIn\" data-animation-duration=\"1000\" data-animation-delay=\"0\">\n              <div class=\"u-container-layout u-similar-container u-valign-top-md u-valign-top-sm u-container-layout-2\"><span class=\"u-file-icon u-icon u-icon-2\"><img decoding=\"async\" src=\"https:\/\/maxertrans.com\/wp-content\/uploads\/2025\/10\/Recurso4.png\" alt=\"\"><\/span>\n                <h3 class=\"u-custom-font u-text u-text-body-color u-text-default u-text-3\"> Mantenimiento de unidades&nbsp;<\/h3>\n                <p class=\"u-custom-font u-text u-text-4\">\n                  <br> Cada veh\u00edculo recibe mantenimiento constante por parte de nuestro equipo t\u00e9cnico y personal especializado. Gracias a este cuidado minucioso garantizamos la seguridad de tus trabajadores. Lo invisible tambi\u00e9n mueve tu mundo.\n                <\/p>\n              <\/div>\n            <\/div>\n            <div class=\"u-container-style u-custom-color-5 u-list-item u-radius u-repeater-item u-shape-round u-list-item-3\" data-animation-name=\"fadeIn\" data-animation-duration=\"1000\" data-animation-delay=\"0\">\n              <div class=\"u-container-layout u-similar-container u-valign-top-md u-valign-top-sm u-container-layout-3\"><span class=\"u-file-icon u-icon u-icon-3\"><img decoding=\"async\" src=\"https:\/\/maxertrans.com\/wp-content\/uploads\/2025\/10\/Recurso3.png\" alt=\"\"><\/span>\n                <h3 class=\"u-custom-font u-text u-text-body-color u-text-default u-text-5\"> Flota de unidades<\/h3>\n                <p class=\"u-custom-font u-text u-text-6\">\n                  <br> Contamos\ncon una amplia y vers\u00e1til flota de veh\u00edculos que se adapta a cada necesidad.\nDesde unidades ejecutivas, sedan, vans, minibuses hasta transportes de\nmensajer\u00eda, garantizamos seguridad, comodidad y puntualidad en cada trayecto.\n\u00a1Porque tu confianza se transporta sobre ruedas!\n                <\/p>\n              <\/div>\n            <\/div>\n          <\/div>\n        <\/div>\n      <\/div>\n    <\/section>\n    <section class=\"u-carousel u-slide u-block-a791-1\" id=\"carousel-1a8a\" data-interval=\"5000\" data-u-ride=\"carousel\">\n      <ol class=\"u-carousel-indicators u-block-a791-2\">\n        <li data-u-target=\"#carousel-1a8a\" class=\"u-active u-grey-30 u-shape-circle\" style=\"width: 10px; height: 10px;\" data-u-slide-to=\"0\"><\/li>\n        <li data-u-target=\"#carousel-1a8a\" class=\"u-grey-30 u-shape-circle\" style=\"width: 10px; height: 10px;\" data-u-slide-to=\"1\"><\/li>\n      <\/ol>\n      <div class=\"u-carousel-inner\" role=\"listbox\">\n        <div class=\"u-active u-align-center u-carousel-item u-clearfix u-image u-section-5-1\" style=\"background-image: url(&quot;https:\/\/maxertrans.com\/wp-content\/uploads\/2025\/10\/Recurso16-100.jpg&quot;);\">\n          <div class=\"u-clearfix u-sheet u-valign-middle-sm u-sheet-1\">\n            <img decoding=\"async\" class=\"u-image u-image-default u-image-1\" src=\"https:\/\/maxertrans.com\/wp-content\/uploads\/2025\/10\/Mision-1.png\" alt=\"\" data-image-width=\"942\" data-image-height=\"1001\" data-animation-name=\"customAnimationIn\" data-animation-duration=\"1000\" data-animation-delay=\"0\">\n            <h1 class=\"u-align-center u-custom-font u-text u-text-default u-title u-text-1\">Misi\u00f3n<\/h1>\n            <p class=\"u-align-left u-large-text u-text u-text-variant u-text-2\">\n              <br> Contribuir\ncon la continuidad operativa de nuestros clientes mediante el servicio de\ntransporte de personal y ejecutivo, priorizando la seguridad y la calidad.\nComprometi\u00e9ndonos a respaldar en todo momento a nuestros relacionados.\n            <\/p>\n          <\/div>\n        <\/div>\n        <div class=\"u-align-center u-carousel-item u-clearfix u-image u-section-5-2\" style=\"background-image: url(&quot;https:\/\/maxertrans.com\/wp-content\/uploads\/2025\/10\/Recurso16-100.jpg&quot;);\">\n          <div class=\"u-clearfix u-sheet u-valign-middle-sm u-sheet-1\">\n            <img decoding=\"async\" class=\"u-image u-image-default u-image-1\" src=\"https:\/\/maxertrans.com\/wp-content\/uploads\/2025\/10\/Vision-1.png\" alt=\"\" data-image-width=\"942\" data-image-height=\"1001\" data-animation-name=\"customAnimationIn\" data-animation-duration=\"1000\" data-animation-delay=\"0\">\n            <h1 class=\"u-align-center u-custom-font u-text u-text-default u-title u-text-1\">VISI\u00d3N<\/h1>\n            <p class=\"u-align-left u-large-text u-text u-text-variant u-text-2\">\n              <br> Ser\nreconocidos en los pr\u00f3ximos a\u00f1os como el l\u00edder en el sector de transporte de\npersonal y ejecutivo, estableciendo el est\u00e1ndar de excelencia en la industria\n            <\/p>\n          <\/div>\n        <\/div>\n      <\/div>\n      <a class=\"u-carousel-control u-carousel-control-prev u-text-grey-30 u-block-a791-3\" href=\"#carousel-1a8a\" role=\"button\" data-u-slide=\"prev\"><span aria-hidden=\"true\">\n          <svg viewBox=\"0 0 8 8\"><path d=\"M5.25 0l-4 4 4 4 1.5-1.5-2.5-2.5 2.5-2.5-1.5-1.5z\"><\/path><\/svg><\/span><span class=\"sr-only\">\n          <svg viewBox=\"0 0 8 8\"><path d=\"M5.25 0l-4 4 4 4 1.5-1.5-2.5-2.5 2.5-2.5-1.5-1.5z\"><\/path><\/svg><\/span>\n      <\/a>\n      <a class=\"u-carousel-control u-carousel-control-next u-text-grey-30 u-block-a791-4\" href=\"#carousel-1a8a\" role=\"button\" data-u-slide=\"next\"><span aria-hidden=\"true\">\n          <svg viewBox=\"0 0 8 8\"><path d=\"M2.75 0l-1.5 1.5 2.5 2.5-2.5 2.5 1.5 1.5 4-4-4-4z\"><\/path><\/svg><\/span><span class=\"sr-only\">\n          <svg viewBox=\"0 0 8 8\"><path d=\"M2.75 0l-1.5 1.5 2.5 2.5-2.5 2.5 1.5 1.5 4-4-4-4z\"><\/path><\/svg><\/span>\n      <\/a>\n    <\/section>\n    <section class=\"u-align-center u-clearfix u-container-align-center u-image u-section-6\" id=\"block-8\" style=\"background-image: url(&quot;https:\/\/maxertrans.com\/wp-content\/uploads\/2025\/10\/Recurso1-100-1.jpg&quot;);\">\n      <div class=\"u-clearfix u-sheet u-valign-middle-sm u-sheet-1\">\n        <h2 class=\"u-align-center u-custom-font u-text u-text-default u-text-white u-text-1\">Valores<\/h2>\n        <div class=\"u-expanded-width-lg u-expanded-width-md u-expanded-width-sm u-expanded-width-xs u-list u-list-1\">\n          <div class=\"u-repeater u-repeater-1\">\n            <div class=\"u-align-left u-container-align-left u-container-style u-list-item u-radius u-repeater-item u-shape-round u-white u-list-item-1\" data-animation-name=\"customAnimationIn\" data-animation-duration=\"1000\" data-animation-delay=\"0\">\n              <div class=\"u-container-layout u-similar-container u-valign-top-lg u-valign-top-md u-valign-top-sm u-valign-top-xs u-container-layout-1\"><span class=\"u-file-icon u-icon u-icon-1\"><img decoding=\"async\" src=\"https:\/\/maxertrans.com\/wp-content\/uploads\/2025\/10\/Recurso5.png\" alt=\"\"><\/span>\n                <h5 class=\"u-align-left u-custom-font u-text u-text-2\"> Responsabilidad&nbsp; &nbsp; &nbsp; &nbsp; &nbsp; &nbsp; &nbsp;&nbsp;<\/h5>\n                <p class=\"u-align-left u-text u-text-default u-text-3\"> Es\nnuestro deber cumplir con las obligaciones de manera correcta, garantizando en\ncada actividad, puntualidad, calidad y eficiencia, con nuestros clientes y\nequipo de trabajo. <\/p>\n              <\/div>\n            <\/div>\n            <div class=\"u-align-left u-container-align-left u-container-style u-list-item u-radius u-repeater-item u-shape-round u-white u-list-item-2\" data-animation-name=\"customAnimationIn\" data-animation-duration=\"1000\" data-animation-delay=\"0\">\n              <div class=\"u-container-layout u-similar-container u-valign-top-lg u-valign-top-md u-valign-top-sm u-valign-top-xs u-container-layout-2\"><span class=\"u-file-icon u-icon u-icon-2\"><img decoding=\"async\" src=\"https:\/\/maxertrans.com\/wp-content\/uploads\/2025\/10\/Recurso6.png\" alt=\"\"><\/span>\n                <h5 class=\"u-align-left u-custom-font u-text u-text-4\"> Comunicaci\u00f3n efectiva<\/h5>\n                <p class=\"u-align-left u-custom-font u-text u-text-default u-text-5\"> Es\nnuestra clave para construir un equipo de trabajo s\u00f3lido y duradero, impulsado\npor la honestidad y confianza.&nbsp;<\/p>\n              <\/div>\n            <\/div>\n            <div class=\"u-align-left u-container-align-left u-container-style u-list-item u-radius u-repeater-item u-shape-round u-white u-list-item-3\" data-animation-name=\"customAnimationIn\" data-animation-duration=\"1000\" data-animation-delay=\"0\">\n              <div class=\"u-container-layout u-similar-container u-valign-top-lg u-valign-top-md u-valign-top-sm u-valign-top-xs u-container-layout-3\"><span class=\"u-file-icon u-icon u-icon-3\"><img decoding=\"async\" src=\"https:\/\/maxertrans.com\/wp-content\/uploads\/2025\/10\/Recurso7.png\" alt=\"\"><\/span>\n                <h5 class=\"u-align-left u-custom-font u-text u-text-6\"> Compromiso\ncon el cliente<\/h5>\n                <p class=\"u-align-left u-custom-font u-text u-text-default u-text-7\"> Este\nes nuestro prop\u00f3sito fundamental, nos esforzamos cada d\u00eda por superar las\nexpectativas de quienes conf\u00edan en nuestros servicios. Aseguramos que una\natenci\u00f3n al cliente excepcional es la clave para la continuidad a trav\u00e9s del\ntiempo.&nbsp;<\/p>\n              <\/div>\n            <\/div>\n          <\/div>\n        <\/div>\n      <\/div>\n    <\/section>\n    <section class=\"u-clearfix u-container-align-center-xl u-section-7\" id=\"block-7\">\n      <div class=\"u-clearfix u-sheet u-valign-middle-md u-valign-middle-sm u-sheet-1\">\n        <h2 class=\"u-custom-font u-text u-text-custom-color-8 u-text-default u-text-1\">Servicios<\/h2>\n        <div class=\"custom-expanded u-expanded-width-xl u-list u-list-1\">\n          <div class=\"u-repeater u-repeater-1\">\n            <div class=\"u-container-style u-custom-color-9 u-list-item u-repeater-item\">\n              <div class=\"u-container-layout u-similar-container u-valign-top-lg u-valign-top-md u-valign-top-sm u-valign-top-xs u-container-layout-1\">\n                <img decoding=\"async\" alt=\"\" class=\"u-expanded-width u-image u-image-default u-image-1\" data-image-width=\"1200\" data-image-height=\"617\" src=\"https:\/\/maxertrans.com\/wp-content\/uploads\/2025\/10\/Trasportealpersonal-1.jpg\" data-animation-name=\"rubberBand\" data-animation-duration=\"1000\" data-animation-delay=\"0\" data-animation-direction=\"\">\n                <h4 class=\"u-align-left u-custom-font u-text u-text-custom-color-4 u-text-default u-text-2\">Transporte al Personal<\/h4>\n                <p class=\"u-align-left u-custom-font u-text u-text-3\"> Brindamos servicio de transporte para el personal de tu empresa. <\/p>\n              <\/div>\n            <\/div>\n            <div class=\"u-container-style u-custom-color-9 u-list-item u-repeater-item\">\n              <div class=\"u-container-layout u-similar-container u-valign-top-lg u-valign-top-md u-valign-top-sm u-valign-top-xs u-container-layout-2\">\n                <img decoding=\"async\" alt=\"\" class=\"u-expanded-width u-image u-image-default u-image-2\" data-image-width=\"1200\" data-image-height=\"617\" src=\"https:\/\/maxertrans.com\/wp-content\/uploads\/2025\/10\/Trasporteejecutivo-1.jpg\" data-animation-name=\"rubberBand\" data-animation-duration=\"1000\" data-animation-delay=\"0\" data-animation-direction=\"\">\n                <h4 class=\"u-align-left u-custom-font u-text u-text-custom-color-4 u-text-default u-text-4\"> Transporte ejecutivo<\/h4>\n                <p class=\"u-align-left u-custom-font u-text u-text-5\"> Te ofrecemos una alternativa de traslados y encomiendas seguro y a tiempo dentro del territorio nacional. <\/p>\n              <\/div>\n            <\/div>\n            <div class=\"u-container-style u-custom-color-9 u-list-item u-repeater-item\">\n              <div class=\"u-container-layout u-similar-container u-valign-top-lg u-valign-top-md u-valign-top-sm u-valign-top-xs u-container-layout-3\">\n                <img decoding=\"async\" alt=\"\" class=\"u-expanded-width u-image u-image-default u-image-3\" data-image-width=\"1200\" data-image-height=\"617\" src=\"https:\/\/maxertrans.com\/wp-content\/uploads\/2025\/10\/Trasportedemensajera-1.jpg\" data-animation-name=\"rubberBand\" data-animation-duration=\"1000\" data-animation-delay=\"0\" data-animation-direction=\"\">\n                <h4 class=\"u-align-left u-custom-font u-text u-text-custom-color-4 u-text-default u-text-6\"> Transporte de mensajer\u00eda<\/h4>\n                <p class=\"u-align-left u-custom-font u-text u-text-7\"> Te ofrecemos una alternativa de traslados y encomiendas seguro y a tiempo dentro del territorio nacional. <\/p>\n              <\/div>\n            <\/div>\n          <\/div>\n        <\/div>\n      <\/div>\n    <\/section>\n    <section class=\"u-clearfix u-valign-bottom-sm u-valign-bottom-xl u-section-8\" id=\"sec-b594\">\n      <div class=\"data-layout-selected u-clearfix u-expanded-width u-gutter-0 u-layout-wrap u-layout-wrap-1\">\n        <div class=\"u-gutter-0 u-layout\">\n          <div class=\"u-layout-row\">\n            <div class=\"u-align-left u-container-align-center u-container-align-left u-container-style u-hidden-xs u-image u-layout-cell u-size-29 u-image-1\" data-image-width=\"1289\" data-image-height=\"1346\" style=\"background-image: url(&quot;https:\/\/maxertrans.com\/wp-content\/uploads\/2025\/10\/Recurso18-100.jpg&quot;);\">\n              <div class=\"u-container-layout u-valign-bottom-sm u-valign-bottom-xs u-valign-middle-md u-container-layout-1\">\n                <h3 class=\"u-custom-font u-text u-text-white u-text-1\"> Somos la empresa de referen<span style=\"font-style: italic;\"><\/span>cia en el servicio de transporte, nos basamos en una ejecuci\u00f3n segura, con calidad y nos enfocamos en la excelencia a trav\u00e9s de la mejora continua, todo ello lo logramos de la mano con nuestra gente por ser nuestro principal recurso.\n                <\/h3>\n              <\/div>\n            <\/div>\n            <div class=\"u-container-style u-image u-layout-cell u-size-31 u-image-2\" data-image-width=\"1184\" data-image-height=\"929\" style=\"background-image: url(&quot;https:\/\/maxertrans.com\/wp-content\/uploads\/2025\/10\/Recurso17-100.jpg&quot;);\">\n              <div class=\"u-container-layout u-valign-middle-lg u-valign-middle-sm u-container-layout-2\">\n                <h3 class=\"u-align-left u-custom-font u-text u-text-custom-color-8 u-text-default u-text-2\" data-animation-name=\"tada\" data-animation-duration=\"1000\" data-animation-delay=\"0\" data-animation-direction=\"\">Cont\u00e1ctanos<\/h3>\n                <p class=\"u-align-left u-custom-font u-text u-text-white u-text-3\">Para saber mas de nosotros puedes enviar un mensaje y pronto te responderemos<\/p>\n                <div class=\"u-expanded-width-md u-expanded-width-sm u-expanded-width-xs u-form u-form-1\">\n                  <form action=\"https:\/\/forms.nicepagesrv.com\/v2\/form\/process\" class=\"u-clearfix u-form-spacing-20 u-form-vertical u-inner-form\" source=\"email\" name=\"form\" style=\"padding: 30px;\">\n                    <div class=\"u-form-group u-form-name\">\n                      <label for=\"name-b064\" class=\"u-custom-font u-label u-text-white u-label-1\">Nombres<\/label>\n                      <input type=\"text\" placeholder=\"Indica tu nombre\" id=\"name-b064\" name=\"name\" class=\"u-border-none u-input u-input-rectangle u-radius u-input-1\" required=\"\">\n                    <\/div>\n                    <div class=\"u-form-email u-form-group\">\n                      <label for=\"email-b064\" class=\"u-custom-font u-label u-text-white u-label-2\">Email<\/label>\n                      <input type=\"email\" placeholder=\"Indica una direcci\u00f3n de correo\" id=\"email-b064\" name=\"email\" class=\"u-border-none u-input u-input-rectangle u-radius u-input-2\" required=\"\">\n                    <\/div>\n                    <div class=\"u-form-group u-form-message\">\n                      <label for=\"message-b064\" class=\"u-custom-font u-heading-font u-label u-text-white\">Mensaje<\/label>\n                      <textarea placeholder=\"Indica tu mensaje\" rows=\"4\" cols=\"50\" id=\"message-b064\" name=\"message\" class=\"u-border-none u-input u-input-rectangle u-radius u-input-3\" required=\"\"><\/textarea>\n                    <\/div>\n                    <div class=\"u-align-left u-form-group u-form-submit\">\n                      <a href=\"#\" class=\"u-border-none u-btn u-btn-submit u-button-style u-custom-color-8 u-custom-font u-text-white u-btn-1\">Enviar<\/a>\n                      <input type=\"submit\" value=\"submit\" class=\"u-form-control-hidden\">\n                    <\/div>\n                    <div class=\"u-form-send-message u-form-send-success\">Gracias! Tu mensaje ha sido enviado.<\/div>\n                    <div class=\"u-form-send-error u-form-send-message\">No se puede enviar su mensaje. Por favor, corrija los errores y vuelva a intentarlo.<\/div>\n                    <input type=\"hidden\" value=\"\" name=\"recaptchaResponse\">\n                    <input type=\"hidden\" name=\"formServices\" value=\"2e196b32-0197-960d-bc0b-08e95e138b0d\">\n                  <\/form>\n                <\/div>\n              <\/div>\n            <\/div>\n          <\/div>\n        <\/div>\n      <\/div>\n    <\/section>\n    \n    \n    \n    \n  \n<\/div>","protected":false},"excerpt":{"rendered":"<p>Comprometidos con la Seguridad y Calidad en cada servicio \u00bfNecesitas transporte? \u00a1Nosotros te Ayudamos!Un Equipo Preparado es Garantia al \u00c9xito. Nosotros Maxer Trans C.A. comenz\u00f3 su recorrido en el a\u00f1o 2010, prestando servicios dentro del sistema de transporte p\u00fablico en la ciudad de Valencia. En agosto de 2015, formalizamos nuestro crecimiento con la fundaci\u00f3n oficial [&hellip;]<\/p>\n","protected":false},"author":1,"featured_media":0,"parent":0,"menu_order":0,"comment_status":"closed","ping_status":"closed","template":"","meta":{"footnotes":""},"class_list":["post-7","page","type-page","status-publish","hentry"],"_links":{"self":[{"href":"https:\/\/maxertrans.com\/index.php\/wp-json\/wp\/v2\/pages\/7","targetHints":{"allow":["GET"]}}],"collection":[{"href":"https:\/\/maxertrans.com\/index.php\/wp-json\/wp\/v2\/pages"}],"about":[{"href":"https:\/\/maxertrans.com\/index.php\/wp-json\/wp\/v2\/types\/page"}],"author":[{"embeddable":true,"href":"https:\/\/maxertrans.com\/index.php\/wp-json\/wp\/v2\/users\/1"}],"replies":[{"embeddable":true,"href":"https:\/\/maxertrans.com\/index.php\/wp-json\/wp\/v2\/comments?post=7"}],"version-history":[{"count":11,"href":"https:\/\/maxertrans.com\/index.php\/wp-json\/wp\/v2\/pages\/7\/revisions"}],"predecessor-version":[{"id":90,"href":"https:\/\/maxertrans.com\/index.php\/wp-json\/wp\/v2\/pages\/7\/revisions\/90"}],"wp:attachment":[{"href":"https:\/\/maxertrans.com\/index.php\/wp-json\/wp\/v2\/media?parent=7"}],"curies":[{"name":"wp","href":"https:\/\/api.w.org\/{rel}","templated":true}]}}